{"id":2,"date":"2023-06-30T13:37:42","date_gmt":"2023-06-30T13:37:42","guid":{"rendered":"http:\/\/dargazpantol.pl\/?page_id=2"},"modified":"2023-06-30T12:07:22","modified_gmt":"2023-06-30T12:07:22","slug":"sample-page","status":"publish","type":"page","link":"https:\/\/dargazpantol.pl\/","title":{"rendered":"Autoryzowany serwis kot\u0142\u00f3w gazowych"},"content":{"rendered":"\n<p>Zajmujemy si\u0119 pierwszym uruchomieniem, serwisem, gwarancyjn\u0105 oraz pogwarancyjn\u0105 napraw\u0105 kot\u0142\u00f3w gazowych. Posiadamy ponad pi\u0119tnastoletnie do\u015bwiadczenie w bran\u017cy serwisowej kot\u0142\u00f3w gazowych i nie tylko. Pozwala ono nam na realizacj\u0119 zar\u00f3wno prostych, jak i z\u0142o\u017conych zlece\u0144.<\/p>\n","protected":false},"excerpt":{"rendered":"<p>Zajmujemy si\u0119 pierwszym uruchomieniem, serwisem, gwarancyjn\u0105 oraz pogwarancyjn\u0105 napraw\u0105 kot\u0142\u00f3w gazowych. Posiadamy ponad pi\u0119tnastoletnie do\u015bwiadczenie w bran\u017cy serwisowej kot\u0142\u00f3w gazowych i nie tylko. Pozwala ono nam na realizacj\u0119 zar\u00f3wno prostych, jak i z\u0142o\u017conych zlece\u0144.<\/p>\n","protected":false},"author":1,"featured_media":0,"parent":0,"menu_order":0,"comment_status":"closed","ping_status":"open","template":"","meta":[],"_links":{"self":[{"href":"https:\/\/dargazpantol.pl\/index.php\/wp-json\/wp\/v2\/pages\/2"}],"collection":[{"href":"https:\/\/dargazpantol.pl\/index.php\/wp-json\/wp\/v2\/pages"}],"about":[{"href":"https:\/\/dargazpantol.pl\/index.php\/wp-json\/wp\/v2\/types\/page"}],"author":[{"embeddable":true,"href":"https:\/\/dargazpantol.pl\/index.php\/wp-json\/wp\/v2\/users\/1"}],"replies":[{"embeddable":true,"href":"https:\/\/dargazpantol.pl\/index.php\/wp-json\/wp\/v2\/comments?post=2"}],"version-history":[{"count":1,"href":"https:\/\/dargazpantol.pl\/index.php\/wp-json\/wp\/v2\/pages\/2\/revisions"}],"predecessor-version":[{"id":20,"href":"https:\/\/dargazpantol.pl\/index.php\/wp-json\/wp\/v2\/pages\/2\/revisions\/20"}],"wp:attachment":[{"href":"https:\/\/dargazpantol.pl\/index.php\/wp-json\/wp\/v2\/media?parent=2"}],"curies":[{"name":"wp","href":"https:\/\/api.w.org\/{rel}","templated":true}]}}